{"id":6160,"date":"2021-05-02T10:06:38","date_gmt":"2021-05-02T10:06:38","guid":{"rendered":"https:\/\/ulpanyovel.com\/ulpan\/?post_type=product&#038;p=6160"},"modified":"2026-02-10T22:25:58","modified_gmt":"2026-02-10T22:25:58","slug":"hebreo-biblico-nivel-2-2","status":"publish","type":"product","link":"https:\/\/ulpanyovel.com\/ulpan\/product\/hebreo-biblico-nivel-2-2\/","title":{"rendered":"Hebreo B\u00edblico Nivel 2+"},"content":{"rendered":"","protected":false},"excerpt":{"rendered":"<p>Shalom, en este curso, que consta de 13 clases, una cada semana y que es el tercero de 3 m\u00f3dulos, veremos:<\/p>\n<p>\u2022 Pronombres personales<br data-rich-text-line-break=\"true\" \/>\u2022 Sistema verbal hebreo<br data-rich-text-line-break=\"true\" \/>\u2022 Macro-estructuras<br data-rich-text-line-break=\"true\" \/>\u2022 Prefijos y sufijos verbales.<br data-rich-text-line-break=\"true\" \/>\u2022 El contexto hebreo &#8211; Hebra\u00edsmos<\/p>\n<p>En este m\u00f3dulo se realizar\u00e1 un trabajo final donde se emplear\u00e1 lo aprendido en los m\u00f3dulos anteriores y se har\u00e1 una exposici\u00f3n. Tambi\u00e9n haremos un repaso de las palabras aprendidas en los niveles previos y aprenderemos nuevas palabras.<\/p>\n","protected":false},"featured_media":6159,"comment_status":"open","ping_status":"closed","template":"","meta":[],"product_cat":[52,53],"product_tag":[],"class_list":["post-6160","product","type-product","status-publish","has-post-thumbnail","hentry","product_cat-hebreo","product_cat-intermedio"],"_links":{"self":[{"href":"https:\/\/ulpanyovel.com\/ulpan\/wp-json\/wp\/v2\/product\/6160","targetHints":{"allow":["GET"]}}],"collection":[{"href":"https:\/\/ulpanyovel.com\/ulpan\/wp-json\/wp\/v2\/product"}],"about":[{"href":"https:\/\/ulpanyovel.com\/ulpan\/wp-json\/wp\/v2\/types\/product"}],"replies":[{"embeddable":true,"href":"https:\/\/ulpanyovel.com\/ulpan\/wp-json\/wp\/v2\/comments?post=6160"}],"wp:featuredmedia":[{"embeddable":true,"href":"https:\/\/ulpanyovel.com\/ulpan\/wp-json\/wp\/v2\/media\/6159"}],"wp:attachment":[{"href":"https:\/\/ulpanyovel.com\/ulpan\/wp-json\/wp\/v2\/media?parent=6160"}],"wp:term":[{"taxonomy":"product_cat","embeddable":true,"href":"https:\/\/ulpanyovel.com\/ulpan\/wp-json\/wp\/v2\/product_cat?post=6160"},{"taxonomy":"product_tag","embeddable":true,"href":"https:\/\/ulpanyovel.com\/ulpan\/wp-json\/wp\/v2\/product_tag?post=6160"}],"curies":[{"name":"wp","href":"https:\/\/api.w.org\/{rel}","templated":true}]}}