{"id":7829,"date":"2023-08-03T01:26:05","date_gmt":"2023-08-03T01:26:05","guid":{"rendered":"https:\/\/ulpanyovel.com\/ulpan\/?post_type=product&#038;p=7829"},"modified":"2026-02-10T22:25:42","modified_gmt":"2026-02-10T22:25:42","slug":"club-de-hebreo","status":"publish","type":"product","link":"https:\/\/ulpanyovel.com\/ulpan\/product\/club-de-hebreo\/","title":{"rendered":"Club de Hebreo"},"content":{"rendered":"<p>Shalom! Este es un espacio para los egresados de nuestro programa de los tres m\u00f3dulos previos con el prop\u00f3sito de mantener un ritmo adecuado de lectura del hebreo b\u00edblico al igual que discutir al rededor de textos b\u00edblicos seleccionados. A diferencia de los dem\u00e1s cursos, este m\u00f3dulo no tiene procesos de evaluaci\u00f3n.<\/p>\n","protected":false},"excerpt":{"rendered":"<p>Shalom! Este es un espacio para los egresados de nuestro programa de los tres m\u00f3dulos previos con el prop\u00f3sito de mantener un ritmo adecuado de lectura del hebreo b\u00edblico al igual que discutir al rededor de textos b\u00edblicos seleccionados. A diferencia de los dem\u00e1s cursos, [&hellip;]<\/p>\n","protected":false},"featured_media":7830,"comment_status":"open","ping_status":"closed","template":"","meta":[],"product_cat":[55,52],"product_tag":[],"class_list":["post-7829","product","type-product","status-publish","has-post-thumbnail","hentry","product_cat-avanzado","product_cat-hebreo"],"_links":{"self":[{"href":"https:\/\/ulpanyovel.com\/ulpan\/wp-json\/wp\/v2\/product\/7829","targetHints":{"allow":["GET"]}}],"collection":[{"href":"https:\/\/ulpanyovel.com\/ulpan\/wp-json\/wp\/v2\/product"}],"about":[{"href":"https:\/\/ulpanyovel.com\/ulpan\/wp-json\/wp\/v2\/types\/product"}],"replies":[{"embeddable":true,"href":"https:\/\/ulpanyovel.com\/ulpan\/wp-json\/wp\/v2\/comments?post=7829"}],"wp:featuredmedia":[{"embeddable":true,"href":"https:\/\/ulpanyovel.com\/ulpan\/wp-json\/wp\/v2\/media\/7830"}],"wp:attachment":[{"href":"https:\/\/ulpanyovel.com\/ulpan\/wp-json\/wp\/v2\/media?parent=7829"}],"wp:term":[{"taxonomy":"product_cat","embeddable":true,"href":"https:\/\/ulpanyovel.com\/ulpan\/wp-json\/wp\/v2\/product_cat?post=7829"},{"taxonomy":"product_tag","embeddable":true,"href":"https:\/\/ulpanyovel.com\/ulpan\/wp-json\/wp\/v2\/product_tag?post=7829"}],"curies":[{"name":"wp","href":"https:\/\/api.w.org\/{rel}","templated":true}]}}